{"id":619,"date":"2023-06-23T05:10:41","date_gmt":"2023-06-23T05:10:41","guid":{"rendered":"https:\/\/vendadefichas.com\/?page_id=619"},"modified":"2023-06-23T05:10:43","modified_gmt":"2023-06-23T05:10:43","slug":"feed-2","status":"publish","type":"page","link":"https:\/\/vendadefichas.com\/index.php\/feed-2\/","title":{"rendered":"Feed"},"content":{"rendered":"","protected":false},"excerpt":{"rendered":"","protected":false},"author":2,"featured_media":0,"parent":0,"menu_order":0,"comment_status":"closed","ping_status":"closed","template":"","meta":{"footnotes":""},"class_list":["post-619","page","type-page","status-publish","hentry"],"yoast_head":"<!-- This site is optimized with the Yoast SEO plugin v22.7 - https:\/\/yoast.com\/wordpress\/plugins\/seo\/ -->\n<title>Feed - Venda de Fichas Imobili\u00e1rias - Capta\u00e7\u00e3o de im\u00f3veis<\/title>\n<meta name=\"description\" content=\"Capta\u00e7\u00e3o de im\u00f3veis, venda de Fichas Imobili\u00e1rias, loca\u00e7\u00e3o e venda de im\u00f3veis\" \/>\n<meta name=\"robots\" content=\"index, follow, max-snippet:-1, max-image-preview:large, max-video-preview:-1\" \/>\n<link rel=\"canonical\" href=\"https:\/\/vendadefichas.com\/index.php\/feed-2\/\" \/>\n<meta property=\"og:locale\" content=\"pt_BR\" \/>\n<meta property=\"og:type\" content=\"article\" \/>\n<meta property=\"og:title\" content=\"Feed - Venda de Fichas Imobili\u00e1rias - Capta\u00e7\u00e3o de im\u00f3veis\" \/>\n<meta property=\"og:description\" content=\"Capta\u00e7\u00e3o de im\u00f3veis, venda de Fichas Imobili\u00e1rias, loca\u00e7\u00e3o e venda de im\u00f3veis\" \/>\n<meta property=\"og:url\" content=\"https:\/\/vendadefichas.com\/index.php\/feed-2\/\" \/>\n<meta property=\"og:site_name\" content=\"Venda de Fichas Imobili\u00e1rias - Capta\u00e7\u00e3o de im\u00f3veis\" \/>\n<meta property=\"article:modified_time\" content=\"2023-06-23T05:10:43+00:00\" \/>\n<meta property=\"og:image\" content=\"https:\/\/vendadefichas.com\/wp-content\/uploads\/2023\/05\/venda-de-fichas.png\" \/>\n\t<meta property=\"og:image:width\" content=\"676\" \/>\n\t<meta property=\"og:image:height\" content=\"254\" \/>\n\t<meta property=\"og:image:type\" content=\"image\/png\" \/>\n<meta name=\"twitter:card\" content=\"summary_large_image\" \/>\n<script type=\"application\/ld+json\" class=\"yoast-schema-graph\">{\"@context\":\"https:\/\/schema.org\",\"@graph\":[{\"@type\":\"WebPage\",\"@id\":\"https:\/\/vendadefichas.com\/index.php\/feed-2\/\",\"url\":\"https:\/\/vendadefichas.com\/index.php\/feed-2\/\",\"name\":\"Feed - Venda de Fichas Imobili\u00e1rias - Capta\u00e7\u00e3o de im\u00f3veis\",\"isPartOf\":{\"@id\":\"https:\/\/vendadefichas.com\/#website\"},\"datePublished\":\"2023-06-23T05:10:41+00:00\",\"dateModified\":\"2023-06-23T05:10:43+00:00\",\"description\":\"Capta\u00e7\u00e3o de im\u00f3veis, venda de Fichas Imobili\u00e1rias, loca\u00e7\u00e3o e venda de im\u00f3veis\",\"breadcrumb\":{\"@id\":\"https:\/\/vendadefichas.com\/index.php\/feed-2\/#breadcrumb\"},\"inLanguage\":\"pt-BR\",\"potentialAction\":[{\"@type\":\"ReadAction\",\"target\":[\"https:\/\/vendadefichas.com\/index.php\/feed-2\/\"]}]},{\"@type\":\"BreadcrumbList\",\"@id\":\"https:\/\/vendadefichas.com\/index.php\/feed-2\/#breadcrumb\",\"itemListElement\":[{\"@type\":\"ListItem\",\"position\":1,\"name\":\"In\u00edcio\",\"item\":\"https:\/\/vendadefichas.com\/\"},{\"@type\":\"ListItem\",\"position\":2,\"name\":\"Feed\"}]},{\"@type\":\"WebSite\",\"@id\":\"https:\/\/vendadefichas.com\/#website\",\"url\":\"https:\/\/vendadefichas.com\/\",\"name\":\"Venda de Fichas Imobili\u00e1rias - Capta\u00e7\u00e3o de im\u00f3veis\",\"description\":\"Venda de fichas imobili\u00e1rias, capta\u00e7\u00e3o de im\u00f3veis, venda e loca\u00e7\u00e3o\",\"publisher\":{\"@id\":\"https:\/\/vendadefichas.com\/#organization\"},\"alternateName\":\"Venda de fichas, loca\u00e7\u00e3o e venda de im\u00f3veis\",\"potentialAction\":[{\"@type\":\"SearchAction\",\"target\":{\"@type\":\"EntryPoint\",\"urlTemplate\":\"https:\/\/vendadefichas.com\/?s={search_term_string}\"},\"query-input\":\"required name=search_term_string\"}],\"inLanguage\":\"pt-BR\"},{\"@type\":\"Organization\",\"@id\":\"https:\/\/vendadefichas.com\/#organization\",\"name\":\"Venda de Fichas Imobili\u00e1rias\",\"alternateName\":\"Venda de Fichas Imobili\u00e1rias, capta\u00e7\u00e3o de im\u00f3veis, loca\u00e7\u00e3o e venda de im\u00f3veis\",\"url\":\"https:\/\/vendadefichas.com\/\",\"logo\":{\"@type\":\"ImageObject\",\"inLanguage\":\"pt-BR\",\"@id\":\"https:\/\/vendadefichas.com\/#\/schema\/logo\/image\/\",\"url\":\"https:\/\/vendadefichas.com\/wp-content\/uploads\/2023\/05\/venda-de-fichas.png\",\"contentUrl\":\"https:\/\/vendadefichas.com\/wp-content\/uploads\/2023\/05\/venda-de-fichas.png\",\"width\":676,\"height\":254,\"caption\":\"Venda de Fichas Imobili\u00e1rias\"},\"image\":{\"@id\":\"https:\/\/vendadefichas.com\/#\/schema\/logo\/image\/\"}}]}<\/script>\n<!-- \/ Yoast SEO plugin. -->","yoast_head_json":{"title":"Feed - Venda de Fichas Imobili\u00e1rias - Capta\u00e7\u00e3o de im\u00f3veis","description":"Capta\u00e7\u00e3o de im\u00f3veis, venda de Fichas Imobili\u00e1rias, loca\u00e7\u00e3o e venda de im\u00f3veis","robots":{"index":"index","follow":"follow","max-snippet":"max-snippet:-1","max-image-preview":"max-image-preview:large","max-video-preview":"max-video-preview:-1"},"canonical":"https:\/\/vendadefichas.com\/index.php\/feed-2\/","og_locale":"pt_BR","og_type":"article","og_title":"Feed - Venda de Fichas Imobili\u00e1rias - Capta\u00e7\u00e3o de im\u00f3veis","og_description":"Capta\u00e7\u00e3o de im\u00f3veis, venda de Fichas Imobili\u00e1rias, loca\u00e7\u00e3o e venda de im\u00f3veis","og_url":"https:\/\/vendadefichas.com\/index.php\/feed-2\/","og_site_name":"Venda de Fichas Imobili\u00e1rias - Capta\u00e7\u00e3o de im\u00f3veis","article_modified_time":"2023-06-23T05:10:43+00:00","og_image":[{"width":676,"height":254,"url":"https:\/\/vendadefichas.com\/wp-content\/uploads\/2023\/05\/venda-de-fichas.png","type":"image\/png"}],"twitter_card":"summary_large_image","schema":{"@context":"https:\/\/schema.org","@graph":[{"@type":"WebPage","@id":"https:\/\/vendadefichas.com\/index.php\/feed-2\/","url":"https:\/\/vendadefichas.com\/index.php\/feed-2\/","name":"Feed - Venda de Fichas Imobili\u00e1rias - Capta\u00e7\u00e3o de im\u00f3veis","isPartOf":{"@id":"https:\/\/vendadefichas.com\/#website"},"datePublished":"2023-06-23T05:10:41+00:00","dateModified":"2023-06-23T05:10:43+00:00","description":"Capta\u00e7\u00e3o de im\u00f3veis, venda de Fichas Imobili\u00e1rias, loca\u00e7\u00e3o e venda de im\u00f3veis","breadcrumb":{"@id":"https:\/\/vendadefichas.com\/index.php\/feed-2\/#breadcrumb"},"inLanguage":"pt-BR","potentialAction":[{"@type":"ReadAction","target":["https:\/\/vendadefichas.com\/index.php\/feed-2\/"]}]},{"@type":"BreadcrumbList","@id":"https:\/\/vendadefichas.com\/index.php\/feed-2\/#breadcrumb","itemListElement":[{"@type":"ListItem","position":1,"name":"In\u00edcio","item":"https:\/\/vendadefichas.com\/"},{"@type":"ListItem","position":2,"name":"Feed"}]},{"@type":"WebSite","@id":"https:\/\/vendadefichas.com\/#website","url":"https:\/\/vendadefichas.com\/","name":"Venda de Fichas Imobili\u00e1rias - Capta\u00e7\u00e3o de im\u00f3veis","description":"Venda de fichas imobili\u00e1rias, capta\u00e7\u00e3o de im\u00f3veis, venda e loca\u00e7\u00e3o","publisher":{"@id":"https:\/\/vendadefichas.com\/#organization"},"alternateName":"Venda de fichas, loca\u00e7\u00e3o e venda de im\u00f3veis","potentialAction":[{"@type":"SearchAction","target":{"@type":"EntryPoint","urlTemplate":"https:\/\/vendadefichas.com\/?s={search_term_string}"},"query-input":"required name=search_term_string"}],"inLanguage":"pt-BR"},{"@type":"Organization","@id":"https:\/\/vendadefichas.com\/#organization","name":"Venda de Fichas Imobili\u00e1rias","alternateName":"Venda de Fichas Imobili\u00e1rias, capta\u00e7\u00e3o de im\u00f3veis, loca\u00e7\u00e3o e venda de im\u00f3veis","url":"https:\/\/vendadefichas.com\/","logo":{"@type":"ImageObject","inLanguage":"pt-BR","@id":"https:\/\/vendadefichas.com\/#\/schema\/logo\/image\/","url":"https:\/\/vendadefichas.com\/wp-content\/uploads\/2023\/05\/venda-de-fichas.png","contentUrl":"https:\/\/vendadefichas.com\/wp-content\/uploads\/2023\/05\/venda-de-fichas.png","width":676,"height":254,"caption":"Venda de Fichas Imobili\u00e1rias"},"image":{"@id":"https:\/\/vendadefichas.com\/#\/schema\/logo\/image\/"}}]}},"_links":{"self":[{"href":"https:\/\/vendadefichas.com\/index.php\/wp-json\/wp\/v2\/pages\/619","targetHints":{"allow":["GET"]}}],"collection":[{"href":"https:\/\/vendadefichas.com\/index.php\/wp-json\/wp\/v2\/pages"}],"about":[{"href":"https:\/\/vendadefichas.com\/index.php\/wp-json\/wp\/v2\/types\/page"}],"author":[{"embeddable":true,"href":"https:\/\/vendadefichas.com\/index.php\/wp-json\/wp\/v2\/users\/2"}],"replies":[{"embeddable":true,"href":"https:\/\/vendadefichas.com\/index.php\/wp-json\/wp\/v2\/comments?post=619"}],"version-history":[{"count":1,"href":"https:\/\/vendadefichas.com\/index.php\/wp-json\/wp\/v2\/pages\/619\/revisions"}],"predecessor-version":[{"id":620,"href":"https:\/\/vendadefichas.com\/index.php\/wp-json\/wp\/v2\/pages\/619\/revisions\/620"}],"wp:attachment":[{"href":"https:\/\/vendadefichas.com\/index.php\/wp-json\/wp\/v2\/media?parent=619"}],"curies":[{"name":"wp","href":"https:\/\/api.w.org\/{rel}","templated":true}]}}